{"id":2002,"date":"2019-04-03T01:06:00","date_gmt":"2019-04-02T23:06:00","guid":{"rendered":"http:\/\/server198607.vservers.es\/?page_id=2002"},"modified":"2026-04-24T02:00:13","modified_gmt":"2026-04-24T00:00:13","slug":"allied-networks","status":"publish","type":"page","link":"https:\/\/politicalnetworkforvalues.org\/en\/who-we-are\/allied-networks\/","title":{"rendered":"ALLIED NETWORKS"},"content":{"rendered":"<div class=\"brz-root__container brz-reset-all brz brz-root__container-page\">\n<section id=\"_zbzhrknezj\" class=\"brz-section brz-css-1p6r13\">\n<div class=\"brz-section__content brz-section--fullWidth brz-css-5ogsvq brz-css-ghtz6w\" data-brz-custom-id=\"whqyuadxnb\">\n<div class=\"brz-container brz-css-a17sgm brz-css-1exox8q\">\n<div class=\"brz-row__container brz-css-5accz7\" data-brz-custom-id=\"aabpqsbvmm\">\n<div class=\"brz-bg\"><\/div>\n<div class=\"brz-row brz-css-d85xr\">\n<div class=\"brz-columns brz-css-95c79 brz-css-rksz1j\" data-brz-custom-id=\"ckpnfbsbip\">\n<div class=\"brz-bg\"><\/div>\n<div class=\"brz-column__items brz-css-trr4wf brz-css-17yvpdb\">\n<div id=\"\" class=\"brz-css-1ta214a brz-css-1e1657y brz-wrapper\">\n<div class=\"brz-image brz-css-tmkzy9\" data-brz-custom-id=\"tjsqcbmqvr\"><img decoding=\"async\" class=\"brz-img\" src=\"https:\/\/politicalnetworkforvalues.org\/en?brizy_media=wp-a6e82ace792c81091e42ef968ed5e34b&amp;brizy_crop=iW%3D1920%26iH%3D250%26oX%3D0%26oY%3D0%26cW%3D1920%26cH%3D250\" alt=\"\" loading=\"lazy\"><\/div>\n<\/div>\n<\/div>\n<\/div>\n<\/div>\n<\/div>\n<\/div>\n<\/div>\n<\/section>\n<section id=\"_LSKuJnYd_B\" class=\"brz-section brz-css-1p6r13\">\n<div class=\"brz-section__content brz-section--boxed brz-css-5ogsvq brz-css-oba8rz\" data-brz-custom-id=\"EnxVsoT3UG\">\n<div class=\"brz-bg\">\n<div class=\"brz-bg-color\"><\/div>\n<\/div>\n<div class=\"brz-container brz-css-a17sgm\">\n<div class=\"brz-row__container brz-css-5accz7\" data-brz-custom-id=\"o_4jM2WArN\">\n<div class=\"brz-bg\"><\/div>\n<div class=\"brz-row brz-css-d85xr\">\n<div class=\"brz-columns brz-css-95c79 brz-css-wp3ib4\" data-brz-custom-id=\"SOXXm4aSD5\">\n<div class=\"brz-bg\"><\/div>\n<div class=\"brz-column__items brz-css-trr4wf brz-css-a87u9c\">\n<div id=\"\" data-brz-iteration-count=\"1\" class=\"brz-css-1ta214a brz-css-1lkx59r brz-wrapper brz-animated brz-css-1qcekvr brz-css-grg5kv\" data-animationid=\"V3Y7LHG6Tx\">\n<div class=\"brz-rich-text brz-rich-text__custom brz-css-8t9k6v\" data-brz-custom-id=\"AMXA63taEf\">\n<div data-brz-translate-text=\"1\">\n<h1 class=\"brz-text-xs-justify brz-tp-heading2 brz-css-z6LJP\"><span>ALLIED <\/span><strong>NETWORKS<\/strong><\/h1>\n<\/div>\n<\/div>\n<\/div>\n<\/div>\n<\/div>\n<div class=\"brz-columns brz-css-95c79 brz-css-1k19vaw\" data-brz-custom-id=\"m5rRKiX2Hh\">\n<div class=\"brz-bg\"><\/div>\n<div class=\"brz-column__items brz-css-trr4wf brz-css-1apwn0\">\n<div data-brz-iteration-count=\"1\" class=\"brz-wrapper-clone brz-css-lbt3no brz-animated brz-css-ftxg72 brz-css-1k6n45v\" data-animationid=\"3tEwVZDWud\">\n<div class=\"brz-d-xs-flex brz-flex-xs-wrap brz-css-yd0gtq brz-css-1c9b46\" data-brz-custom-id=\"\">\n<div class=\"brz-wrapper-clone__item\" id=\"2abyj~pnm3\"><a class=\"brz-a brz-btn brz-css-169q9z9 brz-css-qcod69 brz-css-wckk7s brz-css-dyooce\" href=\"\/en?page_id=1967\" target=\"_self\" rel=\"noopener\" data-brz-link-type=\"external\" data-brz-custom-id=\"2abyj~pnm3\"><span data-brz-translate-text=\"1\" class=\"brz-span brz-text__editor\">Collaborate<\/span><\/a><\/div>\n<\/div>\n<\/div>\n<\/div>\n<\/div>\n<\/div>\n<\/div>\n<div id=\"\" class=\"brz-css-1ta214a brz-css-1u9l2gu brz-css-1o6iwvf brz-wrapper\">\n<div class=\"brz-spacer brz-css-hq3e4f brz-css-ml8twp\"><\/div>\n<\/div>\n<div class=\"brz-row__container brz-css-5accz7\" data-brz-custom-id=\"ekipffiput\">\n<div class=\"brz-bg\"><\/div>\n<div class=\"brz-row brz-css-d85xr brz-css-18d6eco\">\n<div class=\"brz-columns brz-css-95c79 brz-css-mmoi8w\" data-brz-custom-id=\"fghgsfilxn\">\n<div class=\"brz-bg\"><\/div>\n<div class=\"brz-column__items brz-css-trr4wf\">\n<div id=\"\" class=\"brz-css-1ta214a brz-wrapper\">\n<div class=\"brz-rich-text brz-rich-text__custom brz-css-8t9k6v\" data-brz-custom-id=\"dmlwgluaqw\">\n<div data-brz-translate-text=\"1\">\n<p class=\"brz-tp-heading3 brz-css-lhkK9\"><span>FAMILIA Y DIGNIDAD HUMANA (SPAIN)<\/span><\/p>\n<p class=\"brz-tp-paragraph brz-css-jAnRl\"><span class=\"brz-cp-color7\"> <\/span><\/p>\n<p class=\"brz-tp-paragraph brz-css-dG8kc\"><span>The association &#8220;Family and Human Dignity&#8221; was established in April 2008 in Spain. It is formed by active politicians and civil society leaders who share principles and values on the Right to Life, Family, Human Dignity and the Right of Parents to choose the Education of their Children.<\/span><\/p>\n<\/div>\n<\/div>\n<\/div>\n<div class=\"brz-wrapper-clone brz-css-lbt3no\">\n<div class=\"brz-d-xs-flex brz-flex-xs-wrap brz-css-yd0gtq brz-css-1wegx21\" data-brz-custom-id=\"\">\n<div class=\"brz-wrapper-clone__item\" id=\"alozefjurg\"><a class=\"brz-a brz-btn brz-css-169q9z9 brz-css-beq9gm brz-css-wckk7s brz-css-1qw9k3v\" href=\"https:\/\/familiaydignidadhumana.org\/\" target=\"_blank\" rel=\"noopener nofollow\" data-brz-link-type=\"external\" data-brz-custom-id=\"alozefjurg\"><span data-brz-translate-text=\"1\" class=\"brz-span brz-text__editor\">WEB<\/span><\/a><\/div>\n<\/div>\n<\/div>\n<\/div>\n<\/div>\n<div class=\"brz-columns brz-css-95c79 brz-css-1h123h7\" data-brz-custom-id=\"ctcwoewlsz\">\n<div class=\"brz-bg\"><\/div>\n<div class=\"brz-column__items brz-css-trr4wf\">\n<div id=\"\" class=\"brz-css-1ta214a brz-wrapper\">\n<div class=\"brz-image brz-css-10rgcvx\" data-brz-custom-id=\"mdkcxqoqnc\"><img decoding=\"async\" class=\"brz-img\" src=\"https:\/\/politicalnetworkforvalues.org\/en?brizy_media=wp-0fdd13c45c76ae035b9147be9bc420cd&amp;brizy_crop=iW%3D361%26iH%3D361%26oX%3D0%26oY%3D0%26cW%3D361%26cH%3D361\" alt=\"\" loading=\"lazy\"><\/div>\n<\/div>\n<\/div>\n<\/div>\n<\/div>\n<\/div>\n<div class=\"brz-row__container brz-css-5accz7\" data-brz-custom-id=\"isvuuanlbm\">\n<div class=\"brz-bg\"><\/div>\n<div class=\"brz-row brz-css-d85xr brz-css-18d6eco\">\n<div class=\"brz-columns brz-css-95c79 brz-css-zdx5ui\" data-brz-custom-id=\"qxuxitfalc\">\n<div class=\"brz-bg\"><\/div>\n<div class=\"brz-column__items brz-css-trr4wf\">\n<div id=\"\" class=\"brz-css-1ta214a brz-wrapper\">\n<div class=\"brz-rich-text brz-rich-text__custom brz-css-8t9k6v\" data-brz-custom-id=\"nscsdvrcuh\">\n<div data-brz-translate-text=\"1\">\n<p class=\"brz-tp-heading3 brz-css-c2wmk\"><span>RED DE ACCI\u00d3N \u00c9TICA POL\u00cdTICA (MEXICO)<\/span><\/p>\n<p class=\"brz-tp-paragraph brz-css-asu0w\"><span class=\"brz-cp-color7\"> <\/span><\/p>\n<p class=\"brz-tp-paragraph brz-css-wwCvJ\"><span>The Network of Political Ethical Action is a meeting point between lawmakers of all political parties, businessmen and social leaders who share principles and convictions: promoting and defending the dignity of every person&#8217;s life, revalue the importance of marriage and family for the future of society and affirm religious freedom as a fundamental human right.<\/span><\/p>\n<\/div>\n<\/div>\n<\/div>\n<div class=\"brz-wrapper-clone brz-css-lbt3no\">\n<div class=\"brz-d-xs-flex brz-flex-xs-wrap brz-css-yd0gtq brz-css-6fdets\" data-brz-custom-id=\"\">\n<div class=\"brz-wrapper-clone__item\" id=\"vacpogrrxq\"><a class=\"brz-a brz-btn brz-css-169q9z9 brz-css-8mj7xo brz-css-wckk7s brz-css-4yrqx3\" href=\"https:\/\/www.youtube.com\/channel\/UCv4gML1SYsiPb1Qgz4gkGmg\" target=\"_blank\" rel=\"noopener nofollow\" data-brz-link-type=\"external\" data-brz-custom-id=\"vacpogrrxq\"><span data-brz-translate-text=\"1\" class=\"brz-span brz-text__editor\">WEB<\/span><\/a><\/div>\n<\/div>\n<\/div>\n<\/div>\n<\/div>\n<div class=\"brz-columns brz-css-95c79 brz-css-1jwe116\" data-brz-custom-id=\"equceqqurp\">\n<div class=\"brz-bg\"><\/div>\n<div class=\"brz-column__items brz-css-trr4wf\">\n<div id=\"\" class=\"brz-css-1ta214a brz-wrapper\">\n<div class=\"brz-image brz-css-16q8wu4\" data-brz-custom-id=\"slyrgqwrgs\"><img decoding=\"async\" class=\"brz-img\" src=\"https:\/\/politicalnetworkforvalues.org\/en?brizy_media=wp-4b039e77928ff3fff11dec7a81afff89&amp;brizy_crop=iW%3D361%26iH%3D361%26oX%3D0%26oY%3D0%26cW%3D361%26cH%3D361\" alt=\"\" loading=\"lazy\"><\/div>\n<\/div>\n<\/div>\n<\/div>\n<\/div>\n<\/div>\n<\/div>\n<\/div>\n<\/section>\n<\/div>\n<p>    <!-- version:1737595021 --><\/p>\n","protected":false},"excerpt":{"rendered":"<p>ALLIED NETWORKS Collaborate FAMILIA Y DIGNIDAD HUMANA (SPAIN) The association &#8220;Family and Human Dignity&#8221; was established in April 2008 in Spain. It is formed by active politicians and civil society leaders who share principles and values on the Right to Life, Family, Human Dignity and the Right of Parents to choose the Education of their [&hellip;]<\/p>\n","protected":false},"author":1,"featured_media":0,"parent":1984,"menu_order":0,"comment_status":"closed","ping_status":"closed","template":"visual-builder-template.php","meta":{"give_campaign_id":0,"footnotes":""},"class_list":["post-2002","page","type-page","status-publish","hentry"],"campaignId":"","brizy_media":[],"_links":{"self":[{"href":"https:\/\/politicalnetworkforvalues.org\/en\/wp-json\/wp\/v2\/pages\/2002","targetHints":{"allow":["GET"]}}],"collection":[{"href":"https:\/\/politicalnetworkforvalues.org\/en\/wp-json\/wp\/v2\/pages"}],"about":[{"href":"https:\/\/politicalnetworkforvalues.org\/en\/wp-json\/wp\/v2\/types\/page"}],"author":[{"embeddable":true,"href":"https:\/\/politicalnetworkforvalues.org\/en\/wp-json\/wp\/v2\/users\/1"}],"replies":[{"embeddable":true,"href":"https:\/\/politicalnetworkforvalues.org\/en\/wp-json\/wp\/v2\/comments?post=2002"}],"version-history":[{"count":31,"href":"https:\/\/politicalnetworkforvalues.org\/en\/wp-json\/wp\/v2\/pages\/2002\/revisions"}],"predecessor-version":[{"id":8401,"href":"https:\/\/politicalnetworkforvalues.org\/en\/wp-json\/wp\/v2\/pages\/2002\/revisions\/8401"}],"up":[{"embeddable":true,"href":"https:\/\/politicalnetworkforvalues.org\/en\/wp-json\/wp\/v2\/pages\/1984"}],"wp:attachment":[{"href":"https:\/\/politicalnetworkforvalues.org\/en\/wp-json\/wp\/v2\/media?parent=2002"}],"curies":[{"name":"wp","href":"https:\/\/api.w.org\/{rel}","templated":true}]}}