{"id":1999,"date":"2019-04-03T01:04:47","date_gmt":"2019-04-02T23:04:47","guid":{"rendered":"http:\/\/server198607.vservers.es\/?page_id=1999"},"modified":"2026-04-23T04:20:11","modified_gmt":"2026-04-23T02:20:11","slug":"youth-program","status":"publish","type":"page","link":"https:\/\/politicalnetworkforvalues.org\/en\/who-we-are\/youth-program\/","title":{"rendered":"YOUTH PROGRAM"},"content":{"rendered":"<div class=\"brz-root__container brz-reset-all brz brz-root__container-page\">\n<section id=\"_zbzhrknezj\" class=\"brz-section brz-css-1p6r13\">\n<div class=\"brz-section__content brz-section--fullWidth brz-css-5ogsvq brz-css-ghtz6w\" data-brz-custom-id=\"whqyuadxnb\">\n<div class=\"brz-container brz-css-a17sgm brz-css-1exox8q\">\n<div class=\"brz-row__container brz-css-5accz7\" data-brz-custom-id=\"aabpqsbvmm\">\n<div class=\"brz-bg\"><\/div>\n<div class=\"brz-row brz-css-d85xr\">\n<div class=\"brz-columns brz-css-95c79 brz-css-rksz1j\" data-brz-custom-id=\"ckpnfbsbip\">\n<div class=\"brz-bg\"><\/div>\n<div class=\"brz-column__items brz-css-trr4wf brz-css-17yvpdb\">\n<div id=\"\" class=\"brz-css-1ta214a brz-css-1e1657y brz-wrapper\">\n<div class=\"brz-image brz-css-tmkzy9\" data-brz-custom-id=\"tjsqcbmqvr\"><img decoding=\"async\" class=\"brz-img\" src=\"https:\/\/politicalnetworkforvalues.org\/en?brizy_media=wp-a6e82ace792c81091e42ef968ed5e34b&amp;brizy_crop=iW%3D1920%26iH%3D250%26oX%3D0%26oY%3D0%26cW%3D1920%26cH%3D250\" alt=\"\" loading=\"lazy\"><\/div>\n<\/div>\n<\/div>\n<\/div>\n<\/div>\n<\/div>\n<\/div>\n<\/div>\n<\/section>\n<section id=\"_aVpWb_Xk3_Mn\" class=\"brz-section brz-css-1p6r13\">\n<div class=\"brz-section__content brz-section--boxed brz-css-5ogsvq brz-css-18foqgf\" data-brz-custom-id=\"reWDzTBVR6Pd\">\n<div class=\"brz-bg\">\n<div class=\"brz-bg-color\"><\/div>\n<\/div>\n<div class=\"brz-container brz-css-a17sgm\">\n<div class=\"brz-row__container brz-css-5accz7\" data-brz-custom-id=\"blCkvYN6hO5v\">\n<div class=\"brz-bg\"><\/div>\n<div class=\"brz-row brz-css-d85xr\">\n<div class=\"brz-columns brz-css-95c79 brz-css-qnxy6e\" data-brz-custom-id=\"cs5M3z9u_mIX\">\n<div class=\"brz-bg\"><\/div>\n<div class=\"brz-column__items brz-css-trr4wf brz-css-3y4n1o\">\n<div id=\"\" class=\"brz-css-1ta214a brz-wrapper\">\n<div class=\"brz-rich-text brz-rich-text__custom brz-css-5kgsbo\" data-brz-custom-id=\"uq19YK9Ve9sp\">\n<div data-brz-translate-text=\"1\">\n<h1 class=\"brz-fw-lg-400 brz-fw-xs-700 brz-fw-sm-undefined brz-ff-lato brz-ls-xs-m_0_5 brz-ls-sm-undefined brz-ls-lg-m_1 brz-fs-xs-29 brz-fs-sm-undefined brz-fs-lg-52 brz-lh-xs-1_3 brz-lh-sm-undefined brz-lh-lg-1_3 brz-text-xs-justify brz-tp-lg-heading1 brz-css-fV4ov\" data-uniq-id=\"uvOO8\" data-generated-css=\"brz-css-fEA5e\"><span class=\"brz-cp-color7\">YOUTH <\/span><strong class=\"brz-cp-color7\">PROGRAM<\/strong><\/h1>\n<\/div>\n<\/div>\n<\/div>\n<\/div>\n<\/div>\n<\/div>\n<\/div>\n<div class=\"brz-row__container brz-css-5accz7\" data-brz-custom-id=\"fkq1hGTnvLfA\">\n<div class=\"brz-bg\"><\/div>\n<div class=\"brz-row brz-css-d85xr brz-css-scjhtf\">\n<div class=\"brz-columns brz-css-95c79 brz-css-4mfb6w\" data-brz-custom-id=\"bKdE6OcwDLI1\">\n<div class=\"brz-bg\"><\/div>\n<div class=\"brz-column__items brz-css-trr4wf\">\n<div class=\"brz-row__container brz-css-5accz7\" data-brz-custom-id=\"wIcSZboM2rGf\">\n<div class=\"brz-bg\"><\/div>\n<div class=\"brz-row brz-row--inner brz-css-d85xr brz-css-scjhtf\">\n<div class=\"brz-columns brz-css-95c79 brz-css-yp29s3\" data-brz-custom-id=\"xORuwdkPz5Le\">\n<div class=\"brz-bg\"><\/div>\n<div class=\"brz-column__items brz-css-trr4wf brz-css-1cvdlqx\">\n<div id=\"\" class=\"brz-css-1ta214a brz-wrapper\">\n<div class=\"brz-rich-text brz-rich-text__custom brz-css-5kgsbo\" data-brz-custom-id=\"gEfzerPDIqEv\">\n<div data-brz-translate-text=\"1\">\n<h1 class=\"brz-text-xs-justify brz-lh-sm-undefined brz-lh-xs-1_3 brz-fs-sm-undefined brz-fs-xs-29 brz-ls-sm-undefined brz-ls-xs-m_0_5 brz-fw-sm-undefined brz-fw-xs-700 brz-tp-lg-empty brz-ff-lato brz-ft-google brz-fs-lg-50 brz-fss-lg-px brz-fw-lg-100 brz-ls-lg-m_2 brz-lh-lg-1_3 brz-vfw-lg-400 brz-fwdth-lg-100 brz-fsft-lg-0 brz-text-lg-center brz-css-jmeQr\" data-generated-css=\"brz-css-utKVG\" data-uniq-id=\"rTiS9\"><strong class=\"brz-cp-color7\">ACTIVITIES<\/strong><\/h1>\n<\/div>\n<\/div>\n<\/div>\n<\/div>\n<\/div>\n<\/div>\n<\/div>\n<div class=\"brz-row__container brz-css-5accz7\" data-brz-custom-id=\"oX_e6Kymn3vL\">\n<div class=\"brz-bg\"><\/div>\n<div class=\"brz-row brz-row--inner brz-css-d85xr brz-css-scjhtf\">\n<div class=\"brz-columns brz-css-95c79 brz-css-1tqnjwc\" data-brz-custom-id=\"q7ZwYsJILVSP\">\n<div class=\"brz-bg\"><\/div>\n<div class=\"brz-column__items brz-css-trr4wf brz-css-1new2ni\">\n<div id=\"\" class=\"brz-css-1ta214a brz-wrapper\">\n<div class=\"brz-rich-text brz-rich-text__custom brz-css-5kgsbo\" data-brz-custom-id=\"c237qh_1IZUX\">\n<div data-brz-translate-text=\"1\">\n<h1 class=\"brz-text-xs-justify brz-lh-sm-undefined brz-lh-xs-1_3 brz-fs-sm-undefined brz-fs-xs-29 brz-ls-sm-undefined brz-ls-xs-m_0_5 brz-fw-sm-undefined brz-fw-xs-700 brz-fss-lg-px brz-fw-lg-100 brz-ls-lg-m_2 brz-lh-lg-1_3 brz-vfw-lg-400 brz-fwdth-lg-100 brz-fsft-lg-0 brz-tp-lg-empty brz-ff-lato brz-ft-google brz-fs-lg-35 brz-css-pZvnq\" data-generated-css=\"brz-css-ktsuw\" data-uniq-id=\"sK0z6\"><strong class=\"brz-cp-color7\">BOOTCAMP CHILE<\/strong><\/h1>\n<\/div>\n<\/div>\n<\/div>\n<\/div>\n<\/div>\n<\/div>\n<\/div>\n<div id=\"\" class=\"brz-css-1ta214a brz-wrapper\">\n<div class=\"brz-rich-text brz-rich-text__custom brz-css-5kgsbo\" data-brz-custom-id=\"zpo39YfmA4Rk\">\n<div data-brz-translate-text=\"1\">\n<p class=\"brz-text-lg-justify brz-css-r3TtK\" data-generated-css=\"brz-css-tUT4m\" data-uniq-id=\"aLhnQ\"><span class=\"brz-cp-color7\">It was a week of intensive training and education aimed at understanding the key factors behind the successful Republican movement led by Jos\u00e9 Antonio Kast in Chile, who is the president of Acci\u00f3n Republicana (AR) and also of the Political Network for Values (PNfV).<\/span><\/p>\n<p class=\"brz-text-lg-justify brz-css-px3pu\" data-generated-css=\"brz-css-tUT4m\" data-uniq-id=\"aLhnQ\"><span class=\"brz-cp-color7\"> <\/span><\/p>\n<p class=\"brz-text-lg-justify brz-tp-lg-paragraph brz-css-wFDBU\" data-generated-css=\"brz-css-cGrJc\" data-uniq-id=\"iVH_g\"><span class=\"brz-cp-color7\">The bootcamp was a joint initiative of the PNfV Youth Program, Acci\u00f3n Republicana (AR), Ideas Republicanas (IR), and the Republican Party (PR). Our host was To\u00f1o Kast Adriasola, and the event was attended by Lola Velarde, Executive Director of PNfV; Rodrigo Iv\u00e1n Cort\u00e9s, Vice President of the Board of Directors; and our president, Jos\u00e9 Antonio Kast.<\/span><\/p>\n<\/div>\n<\/div>\n<\/div>\n<div id=\"\" class=\"brz-css-1ta214a brz-wrapper\">\n<div class=\"brz-video brz-youtube-video brz-video-on-controls-hidden brz-css-u657kh\" data-brz-custom-id=\"axoax48ead36\">\n<div class=\"brz-video-content\" data-loop=\"false\" data-muted=\"false\" data-autoplay=\"off\">\n<div class=\"video-wrapper brz-image-fix-16-9\">\n<div class=\"brz-video-data brz-hidden\" data-src=\"https:\/\/www.youtube.com\/embed\/8JRpQNq1BPs?autoplay=0&amp;controls=1&amp;start=0&amp;end=0&amp;modestbranding=0&amp;wmode=transparent&amp;enablejsapi=1&amp;loop=0&amp;rel=0&amp;mute=0\" data-population=\"\" data-controls=\"true\" data-branding=\"true\" data-intro=\"true\" data-start=\"0\" data-end=\"0\" data-loop=\"false\" data-autoplay=\"off\"><\/div>\n<\/div>\n<\/div>\n<\/div>\n<\/div>\n<div id=\"\" class=\"brz-css-1ta214a brz-css-hzdegk brz-wrapper\">\n<div class=\"brz-spacer brz-css-tyilfu\"><\/div>\n<\/div>\n<div class=\"brz-row__container brz-css-5accz7\" data-brz-custom-id=\"dat6OVr7byEC\">\n<div class=\"brz-bg\"><\/div>\n<div class=\"brz-row brz-row--inner brz-css-d85xr brz-css-scjhtf\">\n<div class=\"brz-columns brz-css-95c79 brz-css-1hjgzjz\" data-brz-custom-id=\"q8Jr6xVeobYv\">\n<div class=\"brz-bg\"><\/div>\n<div class=\"brz-column__items brz-css-trr4wf brz-css-1bnlyog\">\n<div id=\"\" class=\"brz-css-1ta214a brz-wrapper\">\n<div class=\"brz-rich-text brz-rich-text__custom brz-css-5kgsbo\" data-brz-custom-id=\"d4FZ5f3N3rm7\">\n<div data-brz-translate-text=\"1\">\n<h1 class=\"brz-text-xs-justify brz-lh-sm-undefined brz-lh-xs-1_3 brz-fs-sm-undefined brz-fs-xs-29 brz-ls-sm-undefined brz-ls-xs-m_0_5 brz-fw-sm-undefined brz-fw-xs-700 brz-text-lg-justify brz-fss-lg-px brz-fw-lg-100 brz-ls-lg-m_2 brz-lh-lg-1_3 brz-vfw-lg-400 brz-fwdth-lg-100 brz-fsft-lg-0 brz-tp-lg-empty brz-ff-lato brz-ft-google brz-fs-lg-35 brz-css-kTaOg\" data-generated-css=\"brz-css-brwTO\" data-uniq-id=\"kS_16\"><strong class=\"brz-cp-color7\">V TRANSATLANTIC SUMMIT<\/strong><\/h1>\n<\/div>\n<\/div>\n<\/div>\n<div id=\"\" class=\"brz-css-1ta214a brz-wrapper\">\n<div class=\"brz-rich-text brz-rich-text__custom brz-css-5kgsbo\" data-brz-custom-id=\"ay9uAWYnB9hE\">\n<div data-brz-translate-text=\"1\">\n<h1 class=\"brz-text-xs-justify brz-lh-sm-undefined brz-lh-xs-1_3 brz-fs-sm-undefined brz-fs-xs-29 brz-ls-sm-undefined brz-ls-xs-m_0_5 brz-fw-sm-undefined brz-fw-xs-700 brz-fss-lg-px brz-fw-lg-100 brz-ls-lg-m_2 brz-lh-lg-1_3 brz-vfw-lg-400 brz-fwdth-lg-100 brz-fsft-lg-0 brz-tp-lg-empty brz-ff-lato brz-ft-google brz-fs-lg-32 brz-css-ig60z\" data-generated-css=\"brz-css-udloo\" data-uniq-id=\"lwXcK\"><span>Youth Leaders<\/span><\/h1>\n<\/div>\n<\/div>\n<\/div>\n<div id=\"\" class=\"brz-css-1ta214a brz-wrapper\">\n<div class=\"brz-rich-text brz-rich-text__custom brz-css-5kgsbo\" data-brz-custom-id=\"sxjGiACe09QQ\">\n<div data-brz-translate-text=\"1\">\n<p class=\"brz-text-lg-justify brz-css-slj1x\" data-uniq-id=\"jNKOb\" data-generated-css=\"brz-css-hAwSt\">At the 5th Transatlantic Summit held at the United Nations Headquarters in New York in 2023, youth leaders from the Political Network for Values called on the UN to promote universally agreed-upon Human Rights.<\/p>\n<\/div>\n<\/div>\n<\/div>\n<div id=\"\" class=\"brz-css-1ta214a brz-wrapper\">\n<div class=\"brz-video brz-youtube-video brz-video-on-controls-hidden brz-css-u657kh\" data-brz-custom-id=\"yf4s3JQlQQS7\">\n<div class=\"brz-video-content\" data-loop=\"false\" data-muted=\"false\" data-autoplay=\"off\">\n<div class=\"video-wrapper brz-image-fix-16-9\">\n<div class=\"brz-video-data brz-hidden\" data-src=\"https:\/\/www.youtube.com\/embed\/9itnJQ-Vz58?autoplay=0&amp;controls=1&amp;start=0&amp;end=0&amp;modestbranding=0&amp;wmode=transparent&amp;enablejsapi=1&amp;loop=0&amp;rel=0&amp;mute=0\" data-population=\"\" data-controls=\"true\" data-branding=\"true\" data-intro=\"true\" data-start=\"0\" data-end=\"0\" data-loop=\"false\" data-autoplay=\"off\"><\/div>\n<\/div>\n<\/div>\n<\/div>\n<\/div>\n<\/div>\n<\/div>\n<\/div>\n<\/div>\n<div id=\"\" class=\"brz-css-1ta214a brz-css-hzdegk brz-wrapper\">\n<div class=\"brz-spacer brz-css-tyilfu\"><\/div>\n<\/div>\n<div class=\"brz-row__container brz-css-5accz7\" data-brz-custom-id=\"zqh4iqQhIUpK\">\n<div class=\"brz-bg\"><\/div>\n<div class=\"brz-row brz-row--inner brz-css-d85xr brz-css-scjhtf\">\n<div class=\"brz-columns brz-css-95c79 brz-css-v4bbae\" data-brz-custom-id=\"hKlYgmRqipM4\">\n<div class=\"brz-bg\"><\/div>\n<div class=\"brz-column__items brz-css-trr4wf brz-css-1124li2\">\n<div id=\"\" class=\"brz-css-1ta214a brz-wrapper\">\n<div class=\"brz-rich-text brz-rich-text__custom brz-css-5kgsbo\" data-brz-custom-id=\"j8sXLCMSeb5A\">\n<div data-brz-translate-text=\"1\">\n<h1 class=\"brz-text-xs-justify brz-lh-sm-undefined brz-lh-xs-1_3 brz-fs-sm-undefined brz-fs-xs-29 brz-ls-sm-undefined brz-ls-xs-m_0_5 brz-fw-sm-undefined brz-fw-xs-700 brz-text-lg-justify brz-fss-lg-px brz-fw-lg-100 brz-ls-lg-m_2 brz-lh-lg-1_3 brz-vfw-lg-400 brz-fwdth-lg-100 brz-fsft-lg-0 brz-tp-lg-empty brz-ff-lato brz-ft-google brz-fs-lg-35 brz-css-rTA7w\" data-generated-css=\"brz-css-fysOS\" data-uniq-id=\"f5b3g\"><strong class=\"brz-cp-color7\">IV TRANSATLANTIC SUMMIT<\/strong><\/h1>\n<\/div>\n<\/div>\n<\/div>\n<div id=\"\" class=\"brz-css-1ta214a brz-wrapper\">\n<div class=\"brz-rich-text brz-rich-text__custom brz-css-5kgsbo\" data-brz-custom-id=\"fu3nNtEBjRWH\">\n<div data-brz-translate-text=\"1\">\n<h1 class=\"brz-text-xs-justify brz-lh-sm-undefined brz-lh-xs-1_3 brz-fs-sm-undefined brz-fs-xs-29 brz-ls-sm-undefined brz-ls-xs-m_0_5 brz-fw-sm-undefined brz-fw-xs-700 brz-fss-lg-px brz-fw-lg-100 brz-ls-lg-m_2 brz-lh-lg-1_3 brz-vfw-lg-400 brz-fwdth-lg-100 brz-fsft-lg-0 brz-tp-lg-empty brz-ff-lato brz-ft-google brz-fs-lg-32 brz-css-kO4BF\" data-generated-css=\"brz-css-nvy0h\" data-uniq-id=\"upvZJ\"><span>Youth Declaration <\/span><\/h1>\n<\/div>\n<\/div>\n<\/div>\n<div id=\"\" class=\"brz-css-1ta214a brz-wrapper\">\n<div class=\"brz-rich-text brz-rich-text__custom brz-css-5kgsbo\" data-brz-custom-id=\"qLXVVBYYWs_B\">\n<div data-brz-translate-text=\"1\">\n<p class=\"brz-text-lg-justify brz-css-eoHHP\" data-uniq-id=\"gQxxB\" data-generated-css=\"brz-css-nMXrt\"><span>Youth Declaration at our 4th Transatlantic Summit in Budapest 2022<\/span><\/p>\n<\/div>\n<\/div>\n<\/div>\n<div id=\"\" class=\"brz-css-1ta214a brz-wrapper\">\n<div class=\"brz-video brz-youtube-video brz-video-on-controls-hidden brz-css-u657kh\" data-brz-custom-id=\"m4Aucf7hq90X\">\n<div class=\"brz-video-content\" data-loop=\"false\" data-muted=\"false\" data-autoplay=\"off\">\n<div class=\"video-wrapper brz-image-fix-16-9\">\n<div class=\"brz-video-data brz-hidden\" data-src=\"https:\/\/www.youtube.com\/embed\/7wksLW9mIhk?autoplay=0&amp;controls=1&amp;start=0&amp;end=0&amp;modestbranding=0&amp;wmode=transparent&amp;enablejsapi=1&amp;loop=0&amp;rel=0&amp;mute=0\" data-population=\"\" data-controls=\"true\" data-branding=\"true\" data-intro=\"true\" data-start=\"0\" data-end=\"0\" data-loop=\"false\" data-autoplay=\"off\"><\/div>\n<\/div>\n<\/div>\n<\/div>\n<\/div>\n<\/div>\n<\/div>\n<\/div>\n<\/div>\n<div id=\"\" class=\"brz-css-1ta214a brz-css-hzdegk brz-wrapper\">\n<div class=\"brz-spacer brz-css-tyilfu\"><\/div>\n<\/div>\n<div id=\"\" class=\"brz-css-1ta214a brz-wrapper\">\n<div class=\"brz-rich-text brz-rich-text__custom brz-css-5kgsbo\" data-brz-custom-id=\"lQFaH3A6U2k5\">\n<div data-brz-translate-text=\"1\">\n<h1 class=\"brz-text-xs-justify brz-lh-sm-undefined brz-lh-xs-1_3 brz-fs-sm-undefined brz-fs-xs-29 brz-ls-sm-undefined brz-ls-xs-m_0_5 brz-fw-sm-undefined brz-fw-xs-700 brz-text-lg-justify brz-fss-lg-px brz-fw-lg-100 brz-ls-lg-m_2 brz-lh-lg-1_3 brz-vfw-lg-400 brz-fwdth-lg-100 brz-fsft-lg-0 brz-tp-lg-empty brz-ff-lato brz-ft-google brz-fs-lg-35 brz-css-tmAXh\" data-generated-css=\"brz-css-jTxx7\" data-uniq-id=\"nQoG_\"><strong class=\"brz-cp-color7\">Youth Declaration<\/strong><\/h1>\n<\/div>\n<\/div>\n<\/div>\n<div class=\"brz-row__container brz-css-5accz7\" data-brz-custom-id=\"xSzKPTGINGxy\">\n<div class=\"brz-bg\"><\/div>\n<div class=\"brz-row brz-row--inner brz-css-d85xr brz-css-scjhtf\">\n<div class=\"brz-columns brz-css-95c79 brz-css-1tyefc5\" data-brz-custom-id=\"nFC_s5DUpPkL\">\n<div class=\"brz-bg\"><\/div>\n<div class=\"brz-column__items brz-css-trr4wf\">\n<div id=\"\" class=\"brz-css-1ta214a brz-wrapper\">\n<div class=\"brz-video brz-youtube-video brz-video-on-controls-hidden brz-css-u657kh\" data-brz-custom-id=\"owtF540fEkzT\">\n<div class=\"brz-video-content\" data-loop=\"false\" data-muted=\"false\" data-autoplay=\"off\">\n<div class=\"video-wrapper brz-image-fix-16-9\">\n<div class=\"brz-video-data brz-hidden\" data-src=\"https:\/\/www.youtube.com\/embed\/5_m1-a44aBs?autoplay=0&amp;controls=1&amp;start=0&amp;end=0&amp;modestbranding=0&amp;wmode=transparent&amp;enablejsapi=1&amp;loop=0&amp;rel=0&amp;mute=0\" data-population=\"\" data-controls=\"true\" data-branding=\"true\" data-intro=\"true\" data-start=\"0\" data-end=\"0\" data-loop=\"false\" data-autoplay=\"off\"><\/div>\n<\/div>\n<\/div>\n<\/div>\n<\/div>\n<\/div>\n<\/div>\n<\/div>\n<\/div>\n<\/div>\n<\/div>\n<div class=\"brz-columns brz-css-95c79\" data-brz-custom-id=\"oHWMB5msHrXg\">\n<div class=\"brz-bg\"><\/div>\n<div class=\"brz-column__items brz-css-trr4wf\">\n<div class=\"brz-row__container brz-css-5accz7\" data-brz-custom-id=\"yfOd1YCLw_4I\">\n<div class=\"brz-bg\"><\/div>\n<div class=\"brz-row brz-row--inner brz-css-d85xr brz-css-scjhtf\">\n<div class=\"brz-columns brz-css-95c79 brz-css-rnykgj\" data-brz-custom-id=\"rFzIP6cUQZL3\">\n<div class=\"brz-bg\"><\/div>\n<div class=\"brz-column__items brz-css-trr4wf brz-css-108kmg7\">\n<div id=\"\" class=\"brz-css-1ta214a brz-wrapper\">\n<div class=\"brz-rich-text brz-rich-text__custom brz-css-5kgsbo\" data-brz-custom-id=\"dAwgB8INZYs4\">\n<div data-brz-translate-text=\"1\">\n<h1 class=\"brz-fsft-lg-0 brz-fwdth-lg-100 brz-vfw-lg-400 brz-lh-lg-1_3 brz-ls-lg-m_2 brz-fw-lg-100 brz-fss-lg-px brz-fs-lg-40 brz-ft-google brz-ff-lato brz-tp-lg-empty brz-fw-xs-700 brz-fw-sm-undefined brz-ls-xs-m_0_5 brz-ls-sm-undefined brz-fs-xs-29 brz-fs-sm-undefined brz-lh-xs-1_3 brz-lh-sm-undefined brz-text-xs-justify brz-css-cjGfZ\" data-uniq-id=\"fnGlf\" data-generated-css=\"brz-css-zj3u6\"><strong class=\"brz-cp-color7\">What is the Youth Program?<\/strong><\/h1>\n<\/div>\n<\/div>\n<\/div>\n<\/div>\n<\/div>\n<\/div>\n<\/div>\n<div class=\"brz-row__container brz-css-5accz7\" data-brz-custom-id=\"lUl76nmE7XK7\">\n<div class=\"brz-bg\"><\/div>\n<div class=\"brz-row brz-row--inner brz-css-d85xr brz-css-scjhtf\">\n<div class=\"brz-columns brz-css-95c79 brz-css-1tzhsi7\" data-brz-custom-id=\"q54igcVIIZP4\">\n<div class=\"brz-bg\"><\/div>\n<div class=\"brz-column__items brz-css-trr4wf\">\n<div id=\"\" class=\"brz-css-1ta214a brz-wrapper\">\n<div class=\"brz-rich-text brz-rich-text__custom brz-css-5kgsbo\" data-brz-custom-id=\"bdTvcBIfbTvm\">\n<div data-brz-translate-text=\"1\">\n<p class=\"brz-text-lg-justify brz-css-iMbvS\" data-uniq-id=\"wIg38\" data-generated-css=\"brz-css-xU05n\"><span class=\"brz-cp-color7\">The Political Network for Values, in collaboration with Global Responsibility, has developed a leadership program to prepare for international summits. In this space, numerous young people have the opportunity to attend a comprehensive training and development plan focused on the internal operations and external management of the international organization hosting the summit.<\/span><\/p>\n<p class=\"brz-text-lg-justify brz-css-wfHHt\" data-uniq-id=\"wIg38\" data-generated-css=\"brz-css-xU05n\"><span class=\"brz-cp-color7\"> <\/span><\/p>\n<p class=\"brz-text-lg-justify brz-css-d3pQP\" data-uniq-id=\"pbK9u\" data-generated-css=\"brz-css-ayGV0\"><span class=\"brz-cp-color7\">At the first Transatlantic Summit in 2014, held at the United Nations headquarters in New York, the program addressed the structure of the UN, its internal functioning, how to lobby from civil society, and the international impact of its statements. At the 2015 Regional Summit of the Americas in Washington, D.C., the focus was on issues concerning the Organization of American States (OAS) and the Inter-American Court of Human Rights.<\/span><\/p>\n<p class=\"brz-text-lg-justify brz-css-nRao8\" data-uniq-id=\"pbK9u\" data-generated-css=\"brz-css-ayGV0\"><span class=\"brz-cp-color7\"> <\/span><\/p>\n<p class=\"brz-tp-lg-paragraph brz-text-lg-justify brz-css-nFAAb\" data-uniq-id=\"fV1hE\" data-generated-css=\"brz-css-oHhPb\"><span class=\"brz-cp-color7\">In addition to participating in the events and activities, participants also collaborate in the organization and logistical support of the event. They have the chance to listen to and meet with political and academic leaders from over 30 countries, all committed to defending and promoting life, family, marriage, and the freedoms of religion, conscience, and education. This program is designed for young people with political and civic interests, those who want to take responsibility for the future today and aspire to exercise transformative leadership, understood as service. It aims to guide their academic projects and future professional careers towards building the common good in our society from both a local and global perspective.<\/span><\/p>\n<\/div>\n<\/div>\n<\/div>\n<\/div>\n<\/div>\n<\/div>\n<\/div>\n<div class=\"brz-row__container brz-css-5accz7\" data-brz-custom-id=\"j7pA61watUD4\">\n<div class=\"brz-bg\"><\/div>\n<div class=\"brz-row brz-row--inner brz-css-d85xr brz-css-scjhtf\">\n<div class=\"brz-columns brz-css-95c79 brz-css-15aqj5r\" data-brz-custom-id=\"xmArfwOy7Uec\">\n<div class=\"brz-bg\"><\/div>\n<div class=\"brz-column__items brz-css-trr4wf\">\n<div id=\"\" class=\"brz-css-1ta214a brz-wrapper\">\n<div class=\"brz-image brz-css-iqd9fo\" data-brz-custom-id=\"rhAr5aROEdxj\"><img decoding=\"async\" class=\"brz-img\" src=\"https:\/\/politicalnetworkforvalues.org\/en?brizy_media=wp-2fa31508d0995dcdc1add4b55a51999d.png&amp;brizy_crop=iW%3D525%26iH%3D220%26oX%3D0%26oY%3D0%26cW%3D525%26cH%3D220\" alt=\"\" loading=\"lazy\"><\/div>\n<\/div>\n<\/div>\n<\/div>\n<\/div>\n<\/div>\n<div class=\"brz-row__container brz-css-5accz7\" data-brz-custom-id=\"yNaOPYQVpm3c\">\n<div class=\"brz-bg\"><\/div>\n<div class=\"brz-row brz-row--inner brz-css-d85xr brz-css-scjhtf\">\n<div class=\"brz-columns brz-css-95c79 brz-css-g84jdg\" data-brz-custom-id=\"xBnihFjtJ99x\">\n<div class=\"brz-bg\"><\/div>\n<div class=\"brz-column__items brz-css-trr4wf\">\n<div id=\"\" class=\"brz-css-1ta214a brz-wrapper\">\n<div class=\"brz-image brz-css-jx0mit\" data-brz-custom-id=\"wyclMc2X7Q9u\"><img decoding=\"async\" class=\"brz-img\" src=\"https:\/\/politicalnetworkforvalues.org\/en?brizy_media=wp-393bd971468df4293073f5d882cfb7bb.jpeg&amp;brizy_crop=iW%3D373%26iH%3D249%26oX%3D0%26oY%3D2%26cW%3D373%26cH%3D245\" alt=\"\" loading=\"lazy\"><\/div>\n<\/div>\n<div id=\"\" class=\"brz-css-1ta214a brz-wrapper\">\n<div class=\"brz-rich-text brz-rich-text__custom brz-css-5kgsbo\" data-brz-custom-id=\"qHe622LuyCMX\">\n<div data-brz-translate-text=\"1\">\n<p class=\"brz-tp-lg-paragraph brz-text-lg-center brz-css-fTVSX\" data-uniq-id=\"mzq42\" data-generated-css=\"brz-css-hDl0h\"><strong class=\"brz-capitalize-on\">The Youth Program of the Political Network for Values kicks off!<\/strong><\/p>\n<p class=\"brz-tp-lg-paragraph brz-text-lg-center brz-css-toaBu\" data-uniq-id=\"xGNTR\" data-generated-css=\"brz-css-yxtjF\"><strong class=\"brz-capitalize-on\">#pnfvsummit2022<\/strong><\/p>\n<\/div>\n<\/div>\n<\/div>\n<\/div>\n<\/div>\n<\/div>\n<\/div>\n<div class=\"brz-row__container brz-css-5accz7\" data-brz-custom-id=\"i9Ftm3QByr5N\">\n<div class=\"brz-bg\"><\/div>\n<div class=\"brz-row brz-row--inner brz-css-d85xr brz-css-scjhtf\">\n<div class=\"brz-columns brz-css-95c79 brz-css-115ylky\" data-brz-custom-id=\"gj9ZKLk_XOPE\">\n<div class=\"brz-bg\"><\/div>\n<div class=\"brz-column__items brz-css-trr4wf\">\n<div id=\"\" class=\"brz-css-1ta214a brz-wrapper\">\n<div class=\"brz-image brz-css-ooicoq\" data-brz-custom-id=\"gV8jjAX3D4sQ\"><img decoding=\"async\" class=\"brz-img\" src=\"https:\/\/politicalnetworkforvalues.org\/en?brizy_media=wp-6985c81774b55d3790131b1e92ccd81e&amp;brizy_crop=iW%3D525%26iH%3D350%26oX%3D0%26oY%3D0%26cW%3D525%26cH%3D350\" alt=\"\" loading=\"lazy\"><\/div>\n<\/div>\n<div id=\"\" class=\"brz-css-1ta214a brz-wrapper\">\n<div class=\"brz-rich-text brz-rich-text__custom brz-css-5kgsbo\" data-brz-custom-id=\"pbeF7b9iUdc6\">\n<div data-brz-translate-text=\"1\">\n<p class=\"brz-tp-lg-paragraph brz-css-z1ee2\" data-uniq-id=\"uqZjp\" data-generated-css=\"brz-css-qG7Cx\"><span>Committed on political and social leadership<\/span><\/p>\n<\/div>\n<\/div>\n<\/div>\n<\/div>\n<\/div>\n<\/div>\n<\/div>\n<div class=\"brz-row__container brz-css-5accz7\" data-brz-custom-id=\"xDqKM_9wdr8y\">\n<div class=\"brz-bg\"><\/div>\n<div class=\"brz-row brz-row--inner brz-css-d85xr brz-css-scjhtf\">\n<div class=\"brz-columns brz-css-95c79 brz-css-1qydoga\" data-brz-custom-id=\"sGt9h7GXp_6O\">\n<div class=\"brz-bg\"><\/div>\n<div class=\"brz-column__items brz-css-trr4wf\">\n<div id=\"\" class=\"brz-css-1ta214a brz-wrapper\">\n<div class=\"brz-image brz-css-4wqgud\" data-brz-custom-id=\"cIqJMtfYQ9uq\"><img decoding=\"async\" class=\"brz-img\" src=\"https:\/\/politicalnetworkforvalues.org\/en?brizy_media=wp-dc2158962b891b7ad56b3841833fcb00&amp;brizy_crop=iW%3D641%26iH%3D348%26oX%3D58%26oY%3D0%26cW%3D525%26cH%3D348\" alt=\"\" loading=\"lazy\"><\/div>\n<\/div>\n<div id=\"\" class=\"brz-css-1ta214a brz-wrapper\">\n<div class=\"brz-rich-text brz-rich-text__custom brz-css-5kgsbo\" data-brz-custom-id=\"uTIyRkSfZsc0\">\n<div data-brz-translate-text=\"1\">\n<p class=\"brz-tp-lg-paragraph brz-css-xOZVb\" data-uniq-id=\"extm2\" data-generated-css=\"brz-css-xnw3F\"><span>International Training Program<\/span><\/p>\n<\/div>\n<\/div>\n<\/div>\n<\/div>\n<\/div>\n<\/div>\n<\/div>\n<\/div>\n<\/div>\n<\/div>\n<\/div>\n<\/div>\n<\/div>\n<\/section>\n<\/div>\n<p>    <!-- version:1737565849 --><\/p>\n","protected":false},"excerpt":{"rendered":"<p>YOUTH PROGRAM ACTIVITIES BOOTCAMP CHILE It was a week of intensive training and education aimed at understanding the key factors behind the successful Republican movement led by Jos\u00e9 Antonio Kast in Chile, who is the president of Acci\u00f3n Republicana (AR) and also of the Political Network for Values (PNfV). The bootcamp was a joint initiative [&hellip;]<\/p>\n","protected":false},"author":1,"featured_media":0,"parent":1984,"menu_order":0,"comment_status":"closed","ping_status":"closed","template":"visual-builder-template.php","meta":{"give_campaign_id":0,"footnotes":""},"class_list":["post-1999","page","type-page","status-publish","hentry"],"campaignId":"","brizy_media":[{"id":2569,"url":"https:\/\/politicalnetworkforvalues.org\/wp-content\/uploads\/2019\/08\/Cumbre-Colombia-PNfV-2019-4.jpeg","name":"Cumbre-Colombia-PNfV-2019-4.jpeg","meta":{"brizy_attachment_uid":"wp-81e232903e27d856f65e03f772dd6901","brizy_post_uid":["a297a8874c54db275af7efb8e93c0fe9"]}},{"id":2571,"url":"https:\/\/politicalnetworkforvalues.org\/wp-content\/uploads\/2019\/08\/Cumbre-Colombia-PNfV-2019-2.jpeg","name":"Cumbre-Colombia-PNfV-2019-2.jpeg","meta":{"brizy_attachment_uid":"wp-91d65de0b7dd803a96fba7d94b0d5426","brizy_post_uid":["a297a8874c54db275af7efb8e93c0fe9"]}},{"id":14951,"url":"https:\/\/politicalnetworkforvalues.org\/wp-content\/uploads\/2022\/05\/WhatsApp-Image-2022-05-24-at-2.13.35-PM.jpeg","name":"WhatsApp-Image-2022-05-24-at-2.13.35-PM.jpeg","meta":{"brizy_attachment_uid":"wp-8023c8ca72b030be9e0a1268170c78b1.jpeg","brizy_post_uid":["a297a8874c54db275af7efb8e93c0fe9"]}},{"id":16613,"url":"https:\/\/politicalnetworkforvalues.org\/wp-content\/uploads\/2022\/12\/2.png","name":"2.png","meta":{"brizy_attachment_uid":"wp-eb915abeb694f331a8d9d582292f7080.png","brizy_post_uid":["a297a8874c54db275af7efb8e93c0fe9"]}}],"_links":{"self":[{"href":"https:\/\/politicalnetworkforvalues.org\/en\/wp-json\/wp\/v2\/pages\/1999","targetHints":{"allow":["GET"]}}],"collection":[{"href":"https:\/\/politicalnetworkforvalues.org\/en\/wp-json\/wp\/v2\/pages"}],"about":[{"href":"https:\/\/politicalnetworkforvalues.org\/en\/wp-json\/wp\/v2\/types\/page"}],"author":[{"embeddable":true,"href":"https:\/\/politicalnetworkforvalues.org\/en\/wp-json\/wp\/v2\/users\/1"}],"replies":[{"embeddable":true,"href":"https:\/\/politicalnetworkforvalues.org\/en\/wp-json\/wp\/v2\/comments?post=1999"}],"version-history":[{"count":30,"href":"https:\/\/politicalnetworkforvalues.org\/en\/wp-json\/wp\/v2\/pages\/1999\/revisions"}],"predecessor-version":[{"id":21018,"href":"https:\/\/politicalnetworkforvalues.org\/en\/wp-json\/wp\/v2\/pages\/1999\/revisions\/21018"}],"up":[{"embeddable":true,"href":"https:\/\/politicalnetworkforvalues.org\/en\/wp-json\/wp\/v2\/pages\/1984"}],"wp:attachment":[{"href":"https:\/\/politicalnetworkforvalues.org\/en\/wp-json\/wp\/v2\/media?parent=1999"}],"curies":[{"name":"wp","href":"https:\/\/api.w.org\/{rel}","templated":true}]}}